{"id":109,"date":"2016-11-10T21:38:19","date_gmt":"2016-11-10T21:38:19","guid":{"rendered":"http:\/\/localhost\/?page_id=109&#038;lang=fr"},"modified":"2017-07-17T15:12:46","modified_gmt":"2017-07-17T15:12:46","slug":"the-company","status":"publish","type":"page","link":"https:\/\/www.edcomsystems.co.uk\/fr\/the-company\/","title":{"rendered":"L\u2019entreprise"},"content":{"rendered":"<section id=\"ed_section\" class=\"ed_section\" style=\"padding:60px 0;background:#FFF;\">\n\t\t\t\t\t\t<div class=\"container\">\n\t\t\t\t\t\t\t<div class=\"row\">\n\t\t\t\t\t\t\t\t\r\n\r\n<div class=\"col-md-7\">\r\n<h2><span style=\"color: #3498db;\">Notre<\/span> Image<\/h2>\r\n<div style=\"font-size:17px;line-height:;\" class=\"content\">\r\n\r\nNous nous engageons \u00e0 vous offrir le meilleur en toute transparence, et, avec le plus grand professionnalisme. Nous b\u00e2tissons nos partenariats sur le long terme, en privil\u00e9giant l\u2019\u00e9thique et le respect des engagements. EDCOM Systems Ltd, c\u2019est avant tout une passion pour la technologie et le m\u00e9tier de distributeur.\r\n\r\n<br\/><br\/>\r\n\r\nNotre efficacit\u00e9, c\u2019est aussi la v\u00f4tre. C\u2019est pour cela que des experts sont pr\u00e9sents pour r\u00e9pondre \u00e0 vos questions et vous conseiller vers les meilleurs choix.\r\n\r\n<br\/><br\/>\r\n\r\nLa performance d\u2019EDCOM Systems Ltd s\u2019appuie sur les 4 piliers suivants :\r\n\r\nPrix, livraisons, professionnalisme et qualit\u00e9 des produits. Ce que nous pouvons vous apporter ? Un maximum de comp\u00e9titivit\u00e9 ! Gr\u00e2ce \u00e0 la performance de nos services, mais aussi au professionnalisme de notre \u00e9quipe, \u00e0 nos partenariats et \u00e0 notre envie de r\u00e9ussir a vos cot\u00e9s.\r\n\r\n<\/div>\r\n\r\n<\/div>\r\n<div class=\"col-md-5 padding-8\">\r\n\r\n<br\/><br\/>\r\n\r\n<img decoding=\"async\" src=\"https:\/\/www.edcomsystems.co.uk\/wp-content\/uploads\/2016\/11\/self-image.jpg\" class=\"img-responsive\" alt=\"Image\"\/>\r\n\r\n<\/div>\r\n\r\n\n\t\t\t\t\t\t\t<\/div>\n\t\t\t\t\t\t<\/div>\n\t\t\t\t\t<\/section>\r\n\r\n<section id=\"ed_section\" class=\"ed_section\" style=\"padding:50px 0;background:#F5F5F5;\">\n\t\t\t\t\t\t<div class=\"container\">\n\t\t\t\t\t\t\t<div class=\"row\">\n\t\t\t\t\t\t\t\t\r\n\r\n<div class=\"col-md-5\">\r\n\r\n<br\/><br\/>\r\n\r\n<img decoding=\"async\" src=\"https:\/\/www.edcomsystems.co.uk\/wp-content\/uploads\/2016\/11\/about-2.jpg\" class=\"img-responsive\" alt=\"Image\"\/>\r\n\r\n<\/div>\r\n<div class=\"col-md-7\">\r\n<h2><span style=\"color: #3498db;\">Nos<\/span> partenaires<\/h2>\r\n<div style=\"font-size:17px;line-height:;\" class=\"content\">\r\n\r\nSoucieux de d\u00e9velopper notre activit\u00e9, nous sommes continuellement \u00e0 la recherche de nouveaux partenaires partout dans le monde. Nous travaillons uniquement avec des partenaires de qualit\u00e9s sur lesquels repose notre activit\u00e9 p\u00e9renne. Ainsi, pour nos exp\u00e9ditions quotidiennes, nous faisons confiance a des soci\u00e9t\u00e9s de renom international comme Fedex, UPS et DHL. Ces expressistes nous garantissent des livraisons rapides et une tra\u00e7abilit\u00e9 de nos envois. Par ailleurs, nous avons d\u2019autres partenaires logistiques avec lesquels nous collaborons notamment pour les envois hors Union Europ\u00e9enne tels que Schenker ou Geodis Calberson.\r\n\r\n<\/div>\r\n\r\n<\/div>\r\n\r\n\n\t\t\t\t\t\t\t<\/div>\n\t\t\t\t\t\t<\/div>\n\t\t\t\t\t<\/section>\r\n\r\n<section id=\"ed_section\" class=\"centered\" style=\"padding:50px 0;background:#FFF;\">\n\t\t\t\t\t\t<div class=\"container\">\n\t\t\t\t\t\t\t<div class=\"row\">\n\t\t\t\t\t\t\t\t\r\n\r\n<div class=\"col-md-12 text-center\">\r\n<h2><span style=\"color: #3498db;\">Nos<\/span> services<\/h2>\r\n<p class=\"text-center\"><div style=\"font-size:17px;line-height:;\" class=\"content\"><\/p>\r\n<p class=\"text-center\"><br\/><\/p>\r\nOp\u00e9rateurs, revendeurs, grossistes, ind\u00e9pendants\u2026\r\nQuelque soit votre profil, nous sommes \u00e0 votre \u00e9coute pour vous garantir les meilleurs produits et services.Un service de livraison rapide et flexible \u00a0Un large choix de produits et des conseils de qualit\u00e9. Un minimum de commande adapt\u00e9 \u00e0 la structure de votre entreprise. Des prix comp\u00e9titifs qui vous permettront de d\u00e9velopper vos ventes .\u00a0<strong>Notre atout :<\/strong>\u00a0une entreprise \u00e0 taille humaine dot\u00e9e d\u2019un personnel jeune, dynamique, r\u00e9actif, exp\u00e9riment\u00e9 avec un r\u00e9el savoir-faire au niveau du sourcing.\r\n<p class=\"text-center\"><\/div><\/p>\r\n<\/div>\r\n\r\n<div class=\"clearfix\"><\/div><br\/>\r\n\r\n\n\t\t\t\t\t\t\t<\/div>\n\t\t\t\t\t\t<\/div>\n\t\t\t\t\t<\/section>","protected":false},"excerpt":{"rendered":"","protected":false},"author":2,"featured_media":0,"parent":0,"menu_order":0,"comment_status":"closed","ping_status":"closed","template":"","meta":{"footnotes":""},"class_list":["post-109","page","type-page","status-publish","hentry"],"acf":[],"yoast_head":"<!-- This site is optimized with the Yoast SEO plugin v27.6 - https:\/\/yoast.com\/product\/yoast-seo-wordpress\/ -->\n<title>L\u2019entreprise - Edcom Systems<\/title>\n<meta name=\"robots\" content=\"index, follow, max-snippet:-1, max-image-preview:large, max-video-preview:-1\" \/>\n<link rel=\"canonical\" href=\"https:\/\/www.edcomsystems.co.uk\/fr\/the-company\/\" \/>\n<meta property=\"og:locale\" content=\"fr_FR\" \/>\n<meta property=\"og:type\" content=\"article\" \/>\n<meta property=\"og:title\" content=\"L\u2019entreprise - Edcom Systems\" \/>\n<meta property=\"og:url\" content=\"https:\/\/www.edcomsystems.co.uk\/fr\/the-company\/\" \/>\n<meta property=\"og:site_name\" content=\"Edcom Systems\" \/>\n<meta property=\"article:modified_time\" content=\"2017-07-17T15:12:46+00:00\" \/>\n<meta name=\"twitter:card\" content=\"summary_large_image\" \/>\n<meta name=\"twitter:label1\" content=\"Dur\u00e9e de lecture estim\u00e9e\" \/>\n\t<meta name=\"twitter:data1\" content=\"2 minutes\" \/>\n<script type=\"application\/ld+json\" class=\"yoast-schema-graph\">{\"@context\":\"https:\\\/\\\/schema.org\",\"@graph\":[{\"@type\":\"WebPage\",\"@id\":\"https:\\\/\\\/www.edcomsystems.co.uk\\\/fr\\\/the-company\\\/\",\"url\":\"https:\\\/\\\/www.edcomsystems.co.uk\\\/fr\\\/the-company\\\/\",\"name\":\"L\u2019entreprise - Edcom Systems\",\"isPartOf\":{\"@id\":\"https:\\\/\\\/www.edcomsystems.co.uk\\\/fr\\\/#website\"},\"datePublished\":\"2016-11-10T21:38:19+00:00\",\"dateModified\":\"2017-07-17T15:12:46+00:00\",\"breadcrumb\":{\"@id\":\"https:\\\/\\\/www.edcomsystems.co.uk\\\/fr\\\/the-company\\\/#breadcrumb\"},\"inLanguage\":\"fr-FR\",\"potentialAction\":[{\"@type\":\"ReadAction\",\"target\":[\"https:\\\/\\\/www.edcomsystems.co.uk\\\/fr\\\/the-company\\\/\"]}]},{\"@type\":\"BreadcrumbList\",\"@id\":\"https:\\\/\\\/www.edcomsystems.co.uk\\\/fr\\\/the-company\\\/#breadcrumb\",\"itemListElement\":[{\"@type\":\"ListItem\",\"position\":1,\"name\":\"Home\",\"item\":\"https:\\\/\\\/www.edcomsystems.co.uk\\\/fr\\\/\"},{\"@type\":\"ListItem\",\"position\":2,\"name\":\"L\u2019entreprise\"}]},{\"@type\":\"WebSite\",\"@id\":\"https:\\\/\\\/www.edcomsystems.co.uk\\\/fr\\\/#website\",\"url\":\"https:\\\/\\\/www.edcomsystems.co.uk\\\/fr\\\/\",\"name\":\"Edcomsystems\",\"description\":\"WHOLESALER OF MOBILE PHONES\",\"publisher\":{\"@id\":\"https:\\\/\\\/www.edcomsystems.co.uk\\\/fr\\\/#organization\"},\"potentialAction\":[{\"@type\":\"SearchAction\",\"target\":{\"@type\":\"EntryPoint\",\"urlTemplate\":\"https:\\\/\\\/www.edcomsystems.co.uk\\\/fr\\\/?s={search_term_string}\"},\"query-input\":{\"@type\":\"PropertyValueSpecification\",\"valueRequired\":true,\"valueName\":\"search_term_string\"}}],\"inLanguage\":\"fr-FR\"},{\"@type\":\"Organization\",\"@id\":\"https:\\\/\\\/www.edcomsystems.co.uk\\\/fr\\\/#organization\",\"name\":\"Edcom Systems\",\"url\":\"https:\\\/\\\/www.edcomsystems.co.uk\\\/fr\\\/\",\"logo\":{\"@type\":\"ImageObject\",\"inLanguage\":\"fr-FR\",\"@id\":\"https:\\\/\\\/www.edcomsystems.co.uk\\\/fr\\\/#\\\/schema\\\/logo\\\/image\\\/\",\"url\":\"https:\\\/\\\/www.edcomsystems.co.uk\\\/wp-content\\\/uploads\\\/2017\\\/03\\\/EDCOM-3-1.png\",\"contentUrl\":\"https:\\\/\\\/www.edcomsystems.co.uk\\\/wp-content\\\/uploads\\\/2017\\\/03\\\/EDCOM-3-1.png\",\"width\":1517,\"height\":600,\"caption\":\"Edcom Systems\"},\"image\":{\"@id\":\"https:\\\/\\\/www.edcomsystems.co.uk\\\/fr\\\/#\\\/schema\\\/logo\\\/image\\\/\"}}]}<\/script>\n<!-- \/ Yoast SEO plugin. -->","yoast_head_json":{"title":"L\u2019entreprise - Edcom Systems","robots":{"index":"index","follow":"follow","max-snippet":"max-snippet:-1","max-image-preview":"max-image-preview:large","max-video-preview":"max-video-preview:-1"},"canonical":"https:\/\/www.edcomsystems.co.uk\/fr\/the-company\/","og_locale":"fr_FR","og_type":"article","og_title":"L\u2019entreprise - Edcom Systems","og_url":"https:\/\/www.edcomsystems.co.uk\/fr\/the-company\/","og_site_name":"Edcom Systems","article_modified_time":"2017-07-17T15:12:46+00:00","twitter_card":"summary_large_image","twitter_misc":{"Dur\u00e9e de lecture estim\u00e9e":"2 minutes"},"schema":{"@context":"https:\/\/schema.org","@graph":[{"@type":"WebPage","@id":"https:\/\/www.edcomsystems.co.uk\/fr\/the-company\/","url":"https:\/\/www.edcomsystems.co.uk\/fr\/the-company\/","name":"L\u2019entreprise - Edcom Systems","isPartOf":{"@id":"https:\/\/www.edcomsystems.co.uk\/fr\/#website"},"datePublished":"2016-11-10T21:38:19+00:00","dateModified":"2017-07-17T15:12:46+00:00","breadcrumb":{"@id":"https:\/\/www.edcomsystems.co.uk\/fr\/the-company\/#breadcrumb"},"inLanguage":"fr-FR","potentialAction":[{"@type":"ReadAction","target":["https:\/\/www.edcomsystems.co.uk\/fr\/the-company\/"]}]},{"@type":"BreadcrumbList","@id":"https:\/\/www.edcomsystems.co.uk\/fr\/the-company\/#breadcrumb","itemListElement":[{"@type":"ListItem","position":1,"name":"Home","item":"https:\/\/www.edcomsystems.co.uk\/fr\/"},{"@type":"ListItem","position":2,"name":"L\u2019entreprise"}]},{"@type":"WebSite","@id":"https:\/\/www.edcomsystems.co.uk\/fr\/#website","url":"https:\/\/www.edcomsystems.co.uk\/fr\/","name":"Edcomsystems","description":"WHOLESALER OF MOBILE PHONES","publisher":{"@id":"https:\/\/www.edcomsystems.co.uk\/fr\/#organization"},"potentialAction":[{"@type":"SearchAction","target":{"@type":"EntryPoint","urlTemplate":"https:\/\/www.edcomsystems.co.uk\/fr\/?s={search_term_string}"},"query-input":{"@type":"PropertyValueSpecification","valueRequired":true,"valueName":"search_term_string"}}],"inLanguage":"fr-FR"},{"@type":"Organization","@id":"https:\/\/www.edcomsystems.co.uk\/fr\/#organization","name":"Edcom Systems","url":"https:\/\/www.edcomsystems.co.uk\/fr\/","logo":{"@type":"ImageObject","inLanguage":"fr-FR","@id":"https:\/\/www.edcomsystems.co.uk\/fr\/#\/schema\/logo\/image\/","url":"https:\/\/www.edcomsystems.co.uk\/wp-content\/uploads\/2017\/03\/EDCOM-3-1.png","contentUrl":"https:\/\/www.edcomsystems.co.uk\/wp-content\/uploads\/2017\/03\/EDCOM-3-1.png","width":1517,"height":600,"caption":"Edcom Systems"},"image":{"@id":"https:\/\/www.edcomsystems.co.uk\/fr\/#\/schema\/logo\/image\/"}}]}},"_links":{"self":[{"href":"https:\/\/www.edcomsystems.co.uk\/fr\/wp-json\/wp\/v2\/pages\/109","targetHints":{"allow":["GET"]}}],"collection":[{"href":"https:\/\/www.edcomsystems.co.uk\/fr\/wp-json\/wp\/v2\/pages"}],"about":[{"href":"https:\/\/www.edcomsystems.co.uk\/fr\/wp-json\/wp\/v2\/types\/page"}],"author":[{"embeddable":true,"href":"https:\/\/www.edcomsystems.co.uk\/fr\/wp-json\/wp\/v2\/users\/2"}],"replies":[{"embeddable":true,"href":"https:\/\/www.edcomsystems.co.uk\/fr\/wp-json\/wp\/v2\/comments?post=109"}],"version-history":[{"count":25,"href":"https:\/\/www.edcomsystems.co.uk\/fr\/wp-json\/wp\/v2\/pages\/109\/revisions"}],"predecessor-version":[{"id":1608,"href":"https:\/\/www.edcomsystems.co.uk\/fr\/wp-json\/wp\/v2\/pages\/109\/revisions\/1608"}],"wp:attachment":[{"href":"https:\/\/www.edcomsystems.co.uk\/fr\/wp-json\/wp\/v2\/media?parent=109"}],"curies":[{"name":"wp","href":"https:\/\/api.w.org\/{rel}","templated":true}]}}