{"id":107,"date":"2016-11-10T21:49:21","date_gmt":"2016-11-10T21:49:21","guid":{"rendered":"http:\/\/localhost\/?page_id=107&#038;lang=fr"},"modified":"2016-11-21T10:13:45","modified_gmt":"2016-11-21T10:13:45","slug":"recruitment","status":"publish","type":"page","link":"https:\/\/www.edcomsystems.co.uk\/fr\/recruitment\/","title":{"rendered":"Recrutement"},"content":{"rendered":"<section id=\"ed_section\" class=\"centered\" style=\"padding:60px;background:#FFF;\">\n\t\t\t\t\t\t<div class=\"container\">\n\t\t\t\t\t\t\t<div class=\"row\">\n\t\t\t\t\t\t\t\t\r\n\r\n<div class=\"col-md-12 text-center\">\r\n<h2><span style=\"color: #3498db;\">Recrutement<\/span> a EDCOM SYSTENS LTD<\/h2>\r\n<div style=\"font-size:18px;line-height:;\" class=\"content\">\r\n\r\nChez EDCOM systems Ltd, nous croyons en notre \u00e9quipe car seule une bonne \u00e9quipe est synonyme de succ\u00e8s! Envie de nous rejoindre pour partager passion, innovation et technologie mobile? Nous sommes impatients de d\u00e9couvrir de nouveaux talents!\r\n\r\n<\/div>\r\n\r\n<div class=\"clearfix\"><\/div><br\/><br\/>\r\n\r\n<a class=\"mail-button\" href=\"mailto:#\">recruitment@edcomsystems.co.uk<\/a>\r\n\r\n<\/div>\r\n\r\n<div class=\"clearfix\"><\/div><br\/>\r\n\r\n\n\t\t\t\t\t\t\t<\/div>\n\t\t\t\t\t\t<\/div>\n\t\t\t\t\t<\/section>","protected":false},"excerpt":{"rendered":"","protected":false},"author":2,"featured_media":0,"parent":0,"menu_order":0,"comment_status":"closed","ping_status":"closed","template":"","meta":{"footnotes":""},"class_list":["post-107","page","type-page","status-publish","hentry"],"acf":[],"yoast_head":"<!-- This site is optimized with the Yoast SEO plugin v27.4 - https:\/\/yoast.com\/product\/yoast-seo-wordpress\/ -->\n<title>Recrutement - Edcom Systems<\/title>\n<meta name=\"robots\" content=\"index, follow, max-snippet:-1, max-image-preview:large, max-video-preview:-1\" \/>\n<link rel=\"canonical\" href=\"https:\/\/www.edcomsystems.co.uk\/fr\/recruitment\/\" \/>\n<meta property=\"og:locale\" content=\"fr_FR\" \/>\n<meta property=\"og:type\" content=\"article\" \/>\n<meta property=\"og:title\" content=\"Recrutement - Edcom Systems\" \/>\n<meta property=\"og:url\" content=\"https:\/\/www.edcomsystems.co.uk\/fr\/recruitment\/\" \/>\n<meta property=\"og:site_name\" content=\"Edcom Systems\" \/>\n<meta property=\"article:modified_time\" content=\"2016-11-21T10:13:45+00:00\" \/>\n<meta name=\"twitter:card\" content=\"summary_large_image\" \/>\n<script type=\"application\/ld+json\" class=\"yoast-schema-graph\">{\"@context\":\"https:\\\/\\\/schema.org\",\"@graph\":[{\"@type\":\"WebPage\",\"@id\":\"https:\\\/\\\/www.edcomsystems.co.uk\\\/fr\\\/recruitment\\\/\",\"url\":\"https:\\\/\\\/www.edcomsystems.co.uk\\\/fr\\\/recruitment\\\/\",\"name\":\"Recrutement - Edcom Systems\",\"isPartOf\":{\"@id\":\"https:\\\/\\\/www.edcomsystems.co.uk\\\/fr\\\/#website\"},\"datePublished\":\"2016-11-10T21:49:21+00:00\",\"dateModified\":\"2016-11-21T10:13:45+00:00\",\"breadcrumb\":{\"@id\":\"https:\\\/\\\/www.edcomsystems.co.uk\\\/fr\\\/recruitment\\\/#breadcrumb\"},\"inLanguage\":\"fr-FR\",\"potentialAction\":[{\"@type\":\"ReadAction\",\"target\":[\"https:\\\/\\\/www.edcomsystems.co.uk\\\/fr\\\/recruitment\\\/\"]}]},{\"@type\":\"BreadcrumbList\",\"@id\":\"https:\\\/\\\/www.edcomsystems.co.uk\\\/fr\\\/recruitment\\\/#breadcrumb\",\"itemListElement\":[{\"@type\":\"ListItem\",\"position\":1,\"name\":\"Home\",\"item\":\"https:\\\/\\\/www.edcomsystems.co.uk\\\/fr\\\/\"},{\"@type\":\"ListItem\",\"position\":2,\"name\":\"Recrutement\"}]},{\"@type\":\"WebSite\",\"@id\":\"https:\\\/\\\/www.edcomsystems.co.uk\\\/fr\\\/#website\",\"url\":\"https:\\\/\\\/www.edcomsystems.co.uk\\\/fr\\\/\",\"name\":\"Edcomsystems\",\"description\":\"WHOLESALER OF MOBILE PHONES\",\"publisher\":{\"@id\":\"https:\\\/\\\/www.edcomsystems.co.uk\\\/fr\\\/#organization\"},\"potentialAction\":[{\"@type\":\"SearchAction\",\"target\":{\"@type\":\"EntryPoint\",\"urlTemplate\":\"https:\\\/\\\/www.edcomsystems.co.uk\\\/fr\\\/?s={search_term_string}\"},\"query-input\":{\"@type\":\"PropertyValueSpecification\",\"valueRequired\":true,\"valueName\":\"search_term_string\"}}],\"inLanguage\":\"fr-FR\"},{\"@type\":\"Organization\",\"@id\":\"https:\\\/\\\/www.edcomsystems.co.uk\\\/fr\\\/#organization\",\"name\":\"Edcom Systems\",\"url\":\"https:\\\/\\\/www.edcomsystems.co.uk\\\/fr\\\/\",\"logo\":{\"@type\":\"ImageObject\",\"inLanguage\":\"fr-FR\",\"@id\":\"https:\\\/\\\/www.edcomsystems.co.uk\\\/fr\\\/#\\\/schema\\\/logo\\\/image\\\/\",\"url\":\"https:\\\/\\\/www.edcomsystems.co.uk\\\/wp-content\\\/uploads\\\/2017\\\/03\\\/EDCOM-3-1.png\",\"contentUrl\":\"https:\\\/\\\/www.edcomsystems.co.uk\\\/wp-content\\\/uploads\\\/2017\\\/03\\\/EDCOM-3-1.png\",\"width\":1517,\"height\":600,\"caption\":\"Edcom Systems\"},\"image\":{\"@id\":\"https:\\\/\\\/www.edcomsystems.co.uk\\\/fr\\\/#\\\/schema\\\/logo\\\/image\\\/\"}}]}<\/script>\n<!-- \/ Yoast SEO plugin. -->","yoast_head_json":{"title":"Recrutement - Edcom Systems","robots":{"index":"index","follow":"follow","max-snippet":"max-snippet:-1","max-image-preview":"max-image-preview:large","max-video-preview":"max-video-preview:-1"},"canonical":"https:\/\/www.edcomsystems.co.uk\/fr\/recruitment\/","og_locale":"fr_FR","og_type":"article","og_title":"Recrutement - Edcom Systems","og_url":"https:\/\/www.edcomsystems.co.uk\/fr\/recruitment\/","og_site_name":"Edcom Systems","article_modified_time":"2016-11-21T10:13:45+00:00","twitter_card":"summary_large_image","schema":{"@context":"https:\/\/schema.org","@graph":[{"@type":"WebPage","@id":"https:\/\/www.edcomsystems.co.uk\/fr\/recruitment\/","url":"https:\/\/www.edcomsystems.co.uk\/fr\/recruitment\/","name":"Recrutement - Edcom Systems","isPartOf":{"@id":"https:\/\/www.edcomsystems.co.uk\/fr\/#website"},"datePublished":"2016-11-10T21:49:21+00:00","dateModified":"2016-11-21T10:13:45+00:00","breadcrumb":{"@id":"https:\/\/www.edcomsystems.co.uk\/fr\/recruitment\/#breadcrumb"},"inLanguage":"fr-FR","potentialAction":[{"@type":"ReadAction","target":["https:\/\/www.edcomsystems.co.uk\/fr\/recruitment\/"]}]},{"@type":"BreadcrumbList","@id":"https:\/\/www.edcomsystems.co.uk\/fr\/recruitment\/#breadcrumb","itemListElement":[{"@type":"ListItem","position":1,"name":"Home","item":"https:\/\/www.edcomsystems.co.uk\/fr\/"},{"@type":"ListItem","position":2,"name":"Recrutement"}]},{"@type":"WebSite","@id":"https:\/\/www.edcomsystems.co.uk\/fr\/#website","url":"https:\/\/www.edcomsystems.co.uk\/fr\/","name":"Edcomsystems","description":"WHOLESALER OF MOBILE PHONES","publisher":{"@id":"https:\/\/www.edcomsystems.co.uk\/fr\/#organization"},"potentialAction":[{"@type":"SearchAction","target":{"@type":"EntryPoint","urlTemplate":"https:\/\/www.edcomsystems.co.uk\/fr\/?s={search_term_string}"},"query-input":{"@type":"PropertyValueSpecification","valueRequired":true,"valueName":"search_term_string"}}],"inLanguage":"fr-FR"},{"@type":"Organization","@id":"https:\/\/www.edcomsystems.co.uk\/fr\/#organization","name":"Edcom Systems","url":"https:\/\/www.edcomsystems.co.uk\/fr\/","logo":{"@type":"ImageObject","inLanguage":"fr-FR","@id":"https:\/\/www.edcomsystems.co.uk\/fr\/#\/schema\/logo\/image\/","url":"https:\/\/www.edcomsystems.co.uk\/wp-content\/uploads\/2017\/03\/EDCOM-3-1.png","contentUrl":"https:\/\/www.edcomsystems.co.uk\/wp-content\/uploads\/2017\/03\/EDCOM-3-1.png","width":1517,"height":600,"caption":"Edcom Systems"},"image":{"@id":"https:\/\/www.edcomsystems.co.uk\/fr\/#\/schema\/logo\/image\/"}}]}},"_links":{"self":[{"href":"https:\/\/www.edcomsystems.co.uk\/fr\/wp-json\/wp\/v2\/pages\/107","targetHints":{"allow":["GET"]}}],"collection":[{"href":"https:\/\/www.edcomsystems.co.uk\/fr\/wp-json\/wp\/v2\/pages"}],"about":[{"href":"https:\/\/www.edcomsystems.co.uk\/fr\/wp-json\/wp\/v2\/types\/page"}],"author":[{"embeddable":true,"href":"https:\/\/www.edcomsystems.co.uk\/fr\/wp-json\/wp\/v2\/users\/2"}],"replies":[{"embeddable":true,"href":"https:\/\/www.edcomsystems.co.uk\/fr\/wp-json\/wp\/v2\/comments?post=107"}],"version-history":[{"count":10,"href":"https:\/\/www.edcomsystems.co.uk\/fr\/wp-json\/wp\/v2\/pages\/107\/revisions"}],"predecessor-version":[{"id":1063,"href":"https:\/\/www.edcomsystems.co.uk\/fr\/wp-json\/wp\/v2\/pages\/107\/revisions\/1063"}],"wp:attachment":[{"href":"https:\/\/www.edcomsystems.co.uk\/fr\/wp-json\/wp\/v2\/media?parent=107"}],"curies":[{"name":"wp","href":"https:\/\/api.w.org\/{rel}","templated":true}]}}