{"id":103,"date":"2016-11-10T21:25:35","date_gmt":"2016-11-10T21:25:35","guid":{"rendered":"http:\/\/localhost\/?page_id=103&#038;lang=fr"},"modified":"2026-05-07T11:12:44","modified_gmt":"2026-05-07T10:12:44","slug":"accueill","status":"publish","type":"page","link":"https:\/\/www.edcomsystems.co.uk\/fr\/","title":{"rendered":"Accueill"},"content":{"rendered":"<section id=\"ed_section\" class=\"ed_section\" style=\"padding:60px 0;background:#FFF;\">\n\t\t\t\t\t\t<div class=\"container\">\n\t\t\t\t\t\t\t<div class=\"row\">\n\t\t\t\t\t\t\t\t\n\n<div class=\"col-md-6 padding-9\">\n<h2>Bienvenue \u00e0 EDCOM <span style=\"color: #3498db;\">SYSTEMS<\/span>\n<strong>grossiste en t\u00e9l\u00e9phonie mobile<\/strong> et autres\u00a0\u00e9quipements \u00e9lectroniques<\/h2>\n<div style=\"font-size:21px;line-height:1.8;\" class=\"content\">\n\nNotre gamme de produits comprend les t\u00e9l\u00e9phones, smartphones des grandes marques ainsi que des accessoires, des tablettes, des consoles de jeux et \u00e9galement\n\nd\u2019autres \u00e9quipements \u00e9lectroniques.\n\n<\/div>\n\n<\/div>\n<div class=\"col-md-6 padding-5\">\n\n<br\/><br\/><br\/><br\/>\n\n<img decoding=\"async\" src=\"https:\/\/www.edcomsystems.co.uk\/wp-content\/uploads\/2016\/11\/slider-1.jpg\" class=\"img-responsive\" alt=\"Image\"\/>\n\n<\/div>\n\n\n\t\t\t\t\t\t\t<\/div>\n\t\t\t\t\t\t<\/div>\n\t\t\t\t\t<\/section>\n\n<div class=\"clearfix\"><\/div><br\/><br\/>\n\n<section id=\"ed_section\" class=\"ed_section\" style=\"padding:70px 0;background:#F5F5F5;\">\n\t\t\t\t\t\t<div class=\"container\">\n\t\t\t\t\t\t\t<div class=\"row\">\n\t\t\t\t\t\t\t\t\n\n<div class=\"col-md-6\">\n\n<img decoding=\"async\" src=\"https:\/\/www.edcomsystems.co.uk\/wp-content\/uploads\/2023\/10\/194425944_l_normal_none-scaled.jpg\" class=\"img-responsive\" alt=\"Image\"\/>\n\n<\/div>\n<div class=\"col-md-6\">\n<h2><span style=\"color: #3498db;\">L<\/span>\u2019entreprise<\/h2>\n<div style=\"font-size:18px;line-height:1.8;\" class=\"content\">\n\nDans le march\u00e9 volatile de la t\u00e9l\u00e9phonie mobile, EDCOM Systems a r\u00e9ussi \u00e0 gagner une solide r\u00e9putation pour la livraison de produits de qualit\u00e9 gr\u00e2ce\n\n\u00e0 un service digne de confiance.Depuis sa cr\u00e9ation en 2011, EDCOM Systems est devenue le fournisseur de choix dans le domaine de la t\u00e9l\u00e9phonie mobile.\n\nDe la petite boutique ind\u00e9pendante \u00e0 la grande entreprise internationale, quels que soient les produits, du premier prix \u00e0 la derni\u00e8re\n\ninnovation sortie sur le march\u00e9, EDCOM r\u00e9ussit \u00e0 r\u00e9pondre \u00e0 tous vos besoins avec ses produits de hautes qualit\u00e9s.\n\n<\/div>\n\n<div class=\"clearfix\"><\/div><br\/><div class=\"clearfix\"><\/div><br\/>\n\n<a class=\"transparent-button\" href=\"the-company\">En savoir plus<\/a>\n\n<\/div>\n\n\n\t\t\t\t\t\t\t<\/div>\n\t\t\t\t\t\t<\/div>\n\t\t\t\t\t<\/section>\n\n<section id=\"ed_section\" class=\"centered\" style=\"padding:70px 0;background:#FFF;\">\n\t\t\t\t\t\t<div class=\"container\">\n\t\t\t\t\t\t\t<div class=\"row\">\n\t\t\t\t\t\t\t\t\n\n<div class=\"col-md-12 text-center\">\n<h2><span style=\"color: #3498db;\">Nos<\/span> produits<\/h2>\n<h3>Contactez-nous pour connaitre les prix et avoir plus de d\u00e9tails.<\/h3>\n<div class=\"clearfix\"><\/div><br\/>\n\n<div id=\"frontpage\" class=\"col-sm-12 col-xs-12 col-md-6 col-lg-4\">\n\t\t\t\t\t\t                    <figure>\n\t\t\t\t\t\t                        <img decoding=\"async\" src=\"https:\/\/www.edcomsystems.co.uk\/wp-content\/uploads\/2026\/03\/SAMSUNG-R640-BUDS-4-PRO-.jpeg\" class=\"img-responsive\" alt=\"Home Image\" \/>\n\t\t\t\t\t\t                        <figcaption>\n\t\t\t\t\t\t                            <h4>Samsung R640 Galaxy Buds 4 Pro<\/h4>\n\t\t\t\t\t\t                            <p><\/p>\n\t\t\t\t\t\t                        <\/figcaption>\n\t\t\t\t\t\t                    <\/figure>\n\t\t\t\t\t                \t<\/div><div id=\"frontpage\" class=\"col-sm-12 col-xs-12 col-md-6 col-lg-4\">\n\t\t\t\t\t\t                    <figure>\n\t\t\t\t\t\t                        <img decoding=\"async\" src=\"https:\/\/www.edcomsystems.co.uk\/wp-content\/uploads\/2026\/03\/10a-3.jpeg\" class=\"img-responsive\" alt=\"Home Image\" \/>\n\t\t\t\t\t\t                        <figcaption>\n\t\t\t\t\t\t                            <h4>Google Pixel 10A<\/h4>\n\t\t\t\t\t\t                            <p>6.3\"\r\n1080x2424 pixels\r\n48MP\r\n2160p\r\n8GB RAM\r\nGoogle Tensor G4\r\n5100mAh\r\n30W10W<\/p>\n\t\t\t\t\t\t                        <\/figcaption>\n\t\t\t\t\t\t                    <\/figure>\n\t\t\t\t\t                \t<\/div><div id=\"frontpage\" class=\"col-sm-12 col-xs-12 col-md-6 col-lg-4\">\n\t\t\t\t\t\t                    <figure>\n\t\t\t\t\t\t                        <img decoding=\"async\" src=\"https:\/\/www.edcomsystems.co.uk\/wp-content\/uploads\/2026\/03\/XIAOMI-17-ULTRA-5G-1-1.jpeg\" class=\"img-responsive\" alt=\"Home Image\" \/>\n\t\t\t\t\t\t                        <figcaption>\n\t\t\t\t\t\t                            <h4>Xiaomi 17 Ultra 5G<\/h4>\n\t\t\t\t\t\t                            <p>6.9\"\r\n1200x2608 pixels\r\n200MP\r\n4320p\r\n16GB RAM\r\nSnapdragon 8 Elite Gen 5\r\n6000mAh\r\n90W50W<\/p>\n\t\t\t\t\t\t                        <\/figcaption>\n\t\t\t\t\t\t                    <\/figure>\n\t\t\t\t\t                \t<\/div><div id=\"frontpage\" class=\"col-sm-12 col-xs-12 col-md-6 col-lg-4\">\n\t\t\t\t\t\t                    <figure>\n\t\t\t\t\t\t                        <img decoding=\"async\" src=\"https:\/\/www.edcomsystems.co.uk\/wp-content\/uploads\/2026\/03\/SAMSUNG-S948-S26-ULTRA-5G-.webp\" class=\"img-responsive\" alt=\"Home Image\" \/>\n\t\t\t\t\t\t                        <figcaption>\n\t\t\t\t\t\t                            <h4>Samsung S948 Galaxy S26 Ultra 5G<\/h4>\n\t\t\t\t\t\t                            <p>6.9\"\r\n1440x3120 pixels\r\n200MP\r\n4320p\r\n12\/16GB RAM\r\nSnapdragon 8 Elite Gen 5\r\n5000mAh\r\n60W25W<\/p>\n\t\t\t\t\t\t                        <\/figcaption>\n\t\t\t\t\t\t                    <\/figure>\n\t\t\t\t\t                \t<\/div><div id=\"frontpage\" class=\"col-sm-12 col-xs-12 col-md-6 col-lg-4\">\n\t\t\t\t\t\t                    <figure>\n\t\t\t\t\t\t                        <img decoding=\"async\" src=\"\" class=\"img-responsive\" alt=\"Home Image\" \/>\n\t\t\t\t\t\t                        <figcaption>\n\t\t\t\t\t\t                            <h4>Honor Choice Kumai AI Note<\/h4>\n\t\t\t\t\t\t                            <p><\/p>\n\t\t\t\t\t\t                        <\/figcaption>\n\t\t\t\t\t\t                    <\/figure>\n\t\t\t\t\t                \t<\/div><div id=\"frontpage\" class=\"col-sm-12 col-xs-12 col-md-6 col-lg-4\">\n\t\t\t\t\t\t                    <figure>\n\t\t\t\t\t\t                        <img decoding=\"async\" src=\"https:\/\/www.edcomsystems.co.uk\/wp-content\/uploads\/2026\/02\/oneplus-15-5g-1.jpeg\" class=\"img-responsive\" alt=\"Home Image\" \/>\n\t\t\t\t\t\t                        <figcaption>\n\t\t\t\t\t\t                            <h4>Oppo Reno 15 5G<\/h4>\n\t\t\t\t\t\t                            <p>6.59\"\r\n1256x2760 pixels\r\n50MP\r\n2160p\r\n8\/12GB RAM\r\nSnapdragon 7 Gen 4\r\n6500mAh\r\n80W<\/p>\n\t\t\t\t\t\t                        <\/figcaption>\n\t\t\t\t\t\t                    <\/figure>\n\t\t\t\t\t                \t<\/div><div id=\"frontpage\" class=\"col-sm-12 col-xs-12 col-md-6 col-lg-4\">\n\t\t\t\t\t\t                    <figure>\n\t\t\t\t\t\t                        <img decoding=\"async\" src=\"https:\/\/www.edcomsystems.co.uk\/wp-content\/uploads\/2026\/01\/note-15-pro-plus.jpeg\" class=\"img-responsive\" alt=\"Home Image\" \/>\n\t\t\t\t\t\t                        <figcaption>\n\t\t\t\t\t\t                            <h4>Xiaomi Redmi Note 15 Pro+ 5G<\/h4>\n\t\t\t\t\t\t                            <p>6.83\"\r\n1280x2772 pixels\r\n200MP\r\n2160p\r\n8\/12GB RAM\r\nSnapdragon 7s Gen 4\r\n6500mAh\r\n100W<\/p>\n\t\t\t\t\t\t                        <\/figcaption>\n\t\t\t\t\t\t                    <\/figure>\n\t\t\t\t\t                \t<\/div><div id=\"frontpage\" class=\"col-sm-12 col-xs-12 col-md-6 col-lg-4\">\n\t\t\t\t\t\t                    <figure>\n\t\t\t\t\t\t                        <img decoding=\"async\" src=\"https:\/\/www.edcomsystems.co.uk\/wp-content\/uploads\/2026\/01\/GARMIN-FENIX-E-.jpeg\" class=\"img-responsive\" alt=\"Home Image\" \/>\n\t\t\t\t\t\t                        <figcaption>\n\t\t\t\t\t\t                            <h4>Garmin Fenix E<\/h4>\n\t\t\t\t\t\t                            <p><\/p>\n\t\t\t\t\t\t                        <\/figcaption>\n\t\t\t\t\t\t                    <\/figure>\n\t\t\t\t\t                \t<\/div><div id=\"frontpage\" class=\"col-sm-12 col-xs-12 col-md-6 col-lg-4\">\n\t\t\t\t\t\t                    <figure>\n\t\t\t\t\t\t                        <img decoding=\"async\" src=\"https:\/\/www.edcomsystems.co.uk\/wp-content\/uploads\/2025\/11\/MOTOROLA-G06-.jpeg\" class=\"img-responsive\" alt=\"Home Image\" \/>\n\t\t\t\t\t\t                        <figcaption>\n\t\t\t\t\t\t                            <h4>Motorola Moto G06<\/h4>\n\t\t\t\t\t\t                            <p>6.88\"\r\n720x1640 pixels\r\n50MP\r\n1080p\r\n4\/8GB RAM\r\nHelio G81 Ultra\r\n5200mAh\r\n10W<\/p>\n\t\t\t\t\t\t                        <\/figcaption>\n\t\t\t\t\t\t                    <\/figure>\n\t\t\t\t\t                \t<\/div><div id=\"frontpage\" class=\"col-sm-12 col-xs-12 col-md-6 col-lg-4\">\n\t\t\t\t\t\t                    <figure>\n\t\t\t\t\t\t                        <img decoding=\"async\" src=\"https:\/\/www.edcomsystems.co.uk\/wp-content\/uploads\/2025\/10\/Apple-iPhone-17-Pro-Max.jpg\" class=\"img-responsive\" alt=\"Home Image\" \/>\n\t\t\t\t\t\t                        <figcaption>\n\t\t\t\t\t\t                            <h4>Apple iPhone 17 Pro Max 5G<\/h4>\n\t\t\t\t\t\t                            <p>6.9\"\r\n1320x2868 pixels\r\n48MP\r\n2160p\r\n12GB RAM\r\nApple A19 Pro\r\n4823mAh\r\nPD3.225W<\/p>\n\t\t\t\t\t\t                        <\/figcaption>\n\t\t\t\t\t\t                    <\/figure>\n\t\t\t\t\t                \t<\/div>\n\n<div class=\"clearfix\"><\/div><br\/>\n\n<a class=\"transparent-button\" href=\"our-products\">Voir tous nos produits<\/a>\n\n<div class=\"clearfix\"><\/div><br\/>\n\n<\/div>\n\n\n\t\t\t\t\t\t\t<\/div>\n\t\t\t\t\t\t<\/div>\n\t\t\t\t\t<\/section>","protected":false},"excerpt":{"rendered":"","protected":false},"author":2,"featured_media":0,"parent":0,"menu_order":0,"comment_status":"closed","ping_status":"closed","template":"","meta":{"footnotes":""},"class_list":["post-103","page","type-page","status-publish","hentry"],"acf":[],"yoast_head":"<!-- This site is optimized with the Yoast SEO plugin v27.6 - https:\/\/yoast.com\/product\/yoast-seo-wordpress\/ -->\n<title>Accueill - Edcom Systems<\/title>\n<meta name=\"description\" content=\"EDCOM SYSTEMS grossiste en t\u00e9l\u00e9phonie mobile, smartphones et \u00e9quipements \u00e9lectroniques.Nos produits comprennent les t\u00e9l\u00e9phones des grandes marques\" \/>\n<meta name=\"robots\" content=\"index, follow, max-snippet:-1, max-image-preview:large, max-video-preview:-1\" \/>\n<link rel=\"canonical\" href=\"https:\/\/www.edcomsystems.co.uk\/fr\/\" \/>\n<meta property=\"og:locale\" content=\"fr_FR\" \/>\n<meta property=\"og:type\" content=\"article\" \/>\n<meta property=\"og:title\" content=\"Accueill - Edcom Systems\" \/>\n<meta property=\"og:description\" content=\"EDCOM SYSTEMS grossiste en t\u00e9l\u00e9phonie mobile, smartphones et \u00e9quipements \u00e9lectroniques.Nos produits comprennent les t\u00e9l\u00e9phones des grandes marques\" \/>\n<meta property=\"og:url\" content=\"https:\/\/www.edcomsystems.co.uk\/fr\/\" \/>\n<meta property=\"og:site_name\" content=\"Edcom Systems\" \/>\n<meta property=\"article:modified_time\" content=\"2026-05-07T10:12:44+00:00\" \/>\n<meta name=\"twitter:card\" content=\"summary_large_image\" \/>\n<meta name=\"twitter:label1\" content=\"Dur\u00e9e de lecture estim\u00e9e\" \/>\n\t<meta name=\"twitter:data1\" content=\"1 minute\" \/>\n<script type=\"application\/ld+json\" class=\"yoast-schema-graph\">{\"@context\":\"https:\\\/\\\/schema.org\",\"@graph\":[{\"@type\":\"WebPage\",\"@id\":\"https:\\\/\\\/www.edcomsystems.co.uk\\\/fr\\\/\",\"url\":\"https:\\\/\\\/www.edcomsystems.co.uk\\\/fr\\\/\",\"name\":\"Accueill - Edcom Systems\",\"isPartOf\":{\"@id\":\"https:\\\/\\\/www.edcomsystems.co.uk\\\/fr\\\/#website\"},\"datePublished\":\"2016-11-10T21:25:35+00:00\",\"dateModified\":\"2026-05-07T10:12:44+00:00\",\"description\":\"EDCOM SYSTEMS grossiste en t\u00e9l\u00e9phonie mobile, smartphones et \u00e9quipements \u00e9lectroniques.Nos produits comprennent les t\u00e9l\u00e9phones des grandes marques\",\"breadcrumb\":{\"@id\":\"https:\\\/\\\/www.edcomsystems.co.uk\\\/fr\\\/#breadcrumb\"},\"inLanguage\":\"fr-FR\",\"potentialAction\":[{\"@type\":\"ReadAction\",\"target\":[\"https:\\\/\\\/www.edcomsystems.co.uk\\\/fr\\\/\"]}]},{\"@type\":\"BreadcrumbList\",\"@id\":\"https:\\\/\\\/www.edcomsystems.co.uk\\\/fr\\\/#breadcrumb\",\"itemListElement\":[{\"@type\":\"ListItem\",\"position\":1,\"name\":\"Home\",\"item\":\"https:\\\/\\\/www.edcomsystems.co.uk\\\/fr\\\/\"},{\"@type\":\"ListItem\",\"position\":2,\"name\":\"Accueill\"}]},{\"@type\":\"WebSite\",\"@id\":\"https:\\\/\\\/www.edcomsystems.co.uk\\\/fr\\\/#website\",\"url\":\"https:\\\/\\\/www.edcomsystems.co.uk\\\/fr\\\/\",\"name\":\"Edcomsystems\",\"description\":\"WHOLESALER OF MOBILE PHONES\",\"publisher\":{\"@id\":\"https:\\\/\\\/www.edcomsystems.co.uk\\\/fr\\\/#organization\"},\"potentialAction\":[{\"@type\":\"SearchAction\",\"target\":{\"@type\":\"EntryPoint\",\"urlTemplate\":\"https:\\\/\\\/www.edcomsystems.co.uk\\\/fr\\\/?s={search_term_string}\"},\"query-input\":{\"@type\":\"PropertyValueSpecification\",\"valueRequired\":true,\"valueName\":\"search_term_string\"}}],\"inLanguage\":\"fr-FR\"},{\"@type\":\"Organization\",\"@id\":\"https:\\\/\\\/www.edcomsystems.co.uk\\\/fr\\\/#organization\",\"name\":\"Edcom Systems\",\"url\":\"https:\\\/\\\/www.edcomsystems.co.uk\\\/fr\\\/\",\"logo\":{\"@type\":\"ImageObject\",\"inLanguage\":\"fr-FR\",\"@id\":\"https:\\\/\\\/www.edcomsystems.co.uk\\\/fr\\\/#\\\/schema\\\/logo\\\/image\\\/\",\"url\":\"https:\\\/\\\/www.edcomsystems.co.uk\\\/wp-content\\\/uploads\\\/2017\\\/03\\\/EDCOM-3-1.png\",\"contentUrl\":\"https:\\\/\\\/www.edcomsystems.co.uk\\\/wp-content\\\/uploads\\\/2017\\\/03\\\/EDCOM-3-1.png\",\"width\":1517,\"height\":600,\"caption\":\"Edcom Systems\"},\"image\":{\"@id\":\"https:\\\/\\\/www.edcomsystems.co.uk\\\/fr\\\/#\\\/schema\\\/logo\\\/image\\\/\"}}]}<\/script>\n<!-- \/ Yoast SEO plugin. -->","yoast_head_json":{"title":"Accueill - Edcom Systems","description":"EDCOM SYSTEMS grossiste en t\u00e9l\u00e9phonie mobile, smartphones et \u00e9quipements \u00e9lectroniques.Nos produits comprennent les t\u00e9l\u00e9phones des grandes marques","robots":{"index":"index","follow":"follow","max-snippet":"max-snippet:-1","max-image-preview":"max-image-preview:large","max-video-preview":"max-video-preview:-1"},"canonical":"https:\/\/www.edcomsystems.co.uk\/fr\/","og_locale":"fr_FR","og_type":"article","og_title":"Accueill - Edcom Systems","og_description":"EDCOM SYSTEMS grossiste en t\u00e9l\u00e9phonie mobile, smartphones et \u00e9quipements \u00e9lectroniques.Nos produits comprennent les t\u00e9l\u00e9phones des grandes marques","og_url":"https:\/\/www.edcomsystems.co.uk\/fr\/","og_site_name":"Edcom Systems","article_modified_time":"2026-05-07T10:12:44+00:00","twitter_card":"summary_large_image","twitter_misc":{"Dur\u00e9e de lecture estim\u00e9e":"1 minute"},"schema":{"@context":"https:\/\/schema.org","@graph":[{"@type":"WebPage","@id":"https:\/\/www.edcomsystems.co.uk\/fr\/","url":"https:\/\/www.edcomsystems.co.uk\/fr\/","name":"Accueill - Edcom Systems","isPartOf":{"@id":"https:\/\/www.edcomsystems.co.uk\/fr\/#website"},"datePublished":"2016-11-10T21:25:35+00:00","dateModified":"2026-05-07T10:12:44+00:00","description":"EDCOM SYSTEMS grossiste en t\u00e9l\u00e9phonie mobile, smartphones et \u00e9quipements \u00e9lectroniques.Nos produits comprennent les t\u00e9l\u00e9phones des grandes marques","breadcrumb":{"@id":"https:\/\/www.edcomsystems.co.uk\/fr\/#breadcrumb"},"inLanguage":"fr-FR","potentialAction":[{"@type":"ReadAction","target":["https:\/\/www.edcomsystems.co.uk\/fr\/"]}]},{"@type":"BreadcrumbList","@id":"https:\/\/www.edcomsystems.co.uk\/fr\/#breadcrumb","itemListElement":[{"@type":"ListItem","position":1,"name":"Home","item":"https:\/\/www.edcomsystems.co.uk\/fr\/"},{"@type":"ListItem","position":2,"name":"Accueill"}]},{"@type":"WebSite","@id":"https:\/\/www.edcomsystems.co.uk\/fr\/#website","url":"https:\/\/www.edcomsystems.co.uk\/fr\/","name":"Edcomsystems","description":"WHOLESALER OF MOBILE PHONES","publisher":{"@id":"https:\/\/www.edcomsystems.co.uk\/fr\/#organization"},"potentialAction":[{"@type":"SearchAction","target":{"@type":"EntryPoint","urlTemplate":"https:\/\/www.edcomsystems.co.uk\/fr\/?s={search_term_string}"},"query-input":{"@type":"PropertyValueSpecification","valueRequired":true,"valueName":"search_term_string"}}],"inLanguage":"fr-FR"},{"@type":"Organization","@id":"https:\/\/www.edcomsystems.co.uk\/fr\/#organization","name":"Edcom Systems","url":"https:\/\/www.edcomsystems.co.uk\/fr\/","logo":{"@type":"ImageObject","inLanguage":"fr-FR","@id":"https:\/\/www.edcomsystems.co.uk\/fr\/#\/schema\/logo\/image\/","url":"https:\/\/www.edcomsystems.co.uk\/wp-content\/uploads\/2017\/03\/EDCOM-3-1.png","contentUrl":"https:\/\/www.edcomsystems.co.uk\/wp-content\/uploads\/2017\/03\/EDCOM-3-1.png","width":1517,"height":600,"caption":"Edcom Systems"},"image":{"@id":"https:\/\/www.edcomsystems.co.uk\/fr\/#\/schema\/logo\/image\/"}}]}},"_links":{"self":[{"href":"https:\/\/www.edcomsystems.co.uk\/fr\/wp-json\/wp\/v2\/pages\/103","targetHints":{"allow":["GET"]}}],"collection":[{"href":"https:\/\/www.edcomsystems.co.uk\/fr\/wp-json\/wp\/v2\/pages"}],"about":[{"href":"https:\/\/www.edcomsystems.co.uk\/fr\/wp-json\/wp\/v2\/types\/page"}],"author":[{"embeddable":true,"href":"https:\/\/www.edcomsystems.co.uk\/fr\/wp-json\/wp\/v2\/users\/2"}],"replies":[{"embeddable":true,"href":"https:\/\/www.edcomsystems.co.uk\/fr\/wp-json\/wp\/v2\/comments?post=103"}],"version-history":[{"count":42,"href":"https:\/\/www.edcomsystems.co.uk\/fr\/wp-json\/wp\/v2\/pages\/103\/revisions"}],"predecessor-version":[{"id":7233,"href":"https:\/\/www.edcomsystems.co.uk\/fr\/wp-json\/wp\/v2\/pages\/103\/revisions\/7233"}],"wp:attachment":[{"href":"https:\/\/www.edcomsystems.co.uk\/fr\/wp-json\/wp\/v2\/media?parent=103"}],"curies":[{"name":"wp","href":"https:\/\/api.w.org\/{rel}","templated":true}]}}