{"id":101,"date":"2016-11-10T21:51:48","date_gmt":"2016-11-10T21:51:48","guid":{"rendered":"http:\/\/localhost\/?page_id=101&#038;lang=fr"},"modified":"2016-11-16T16:36:11","modified_gmt":"2016-11-16T16:36:11","slug":"contact-us","status":"publish","type":"page","link":"https:\/\/www.edcomsystems.co.uk\/fr\/contact-us\/","title":{"rendered":"Nous contacter"},"content":{"rendered":"<iframe loading=\"lazy\" width=\"100%\" height=\"350\" src=\"https:\/\/www.google.com\/maps\/embed?pb=!1m18!1m12!1m3!1d2490.660663694149!2d-0.2946063839449234!3d51.37253467961331!2m3!1f0!2f0!3f0!3m2!1i1024!2i768!4f13.1!3m3!1m2!1s0x48760a24a986f7e3%3A0x930c992557597057!2sEDCOM+Systems+LTD!5e0!3m2!1shr!2sba!4v1478541573022\"><\/iframe>\r\n\r\n<section id=\"ed_section\" class=\"ed_section\" style=\"padding:60px 0;background:#FFF;\">\n\t\t\t\t\t\t<div class=\"container\">\n\t\t\t\t\t\t\t<div class=\"row\">\n\t\t\t\t\t\t\t\t\r\n\r\n<div class=\"col-md-6\">\r\n<h2><span style=\"color: #3498db;\">Nos<\/span> informations<\/h2>\r\n<div style=\"font-size:18px;line-height:;\" class=\"content\">\r\n\r\nN\u2019H\u00e9sitez pas \u00e0 nous contacter pour avoir nos prix et des informations compl\u00e9mentaires\r\n\r\n<\/div>\r\n\r\n<div class=\"clearfix\"><\/div><br\/><br\/>\r\n\r\n<div id=\"contact-informations\" class=\"col-xs-12 col-md-12 col-lg-12\">\n\t\t\t\t\t<div class=\"col-xs-1 col-md-1 col-lg-1\">\n\t\t\t\t\t\t<i class=\"fa fa-phone\"><\/i>\n\t\t\t\t\t<\/div>\n\t\t\t\t\t<div class=\"col-xs-10 col-md-10 col-lg-10\">\n\t\t\t\t\t\t<p style=\"font-family: Raleway, sans-serif;font-weight: 300;font-size: 15px;margin-bottom: 25px;color: #808080;text-align: left;letter-spacing: 1px;line-height: 1.8;\">T\u00e9l\u00e9phone : 0044 (0)203 044 2910<\/p>\n\t\t\t\t\t<\/div>\n\t\t\t\t<\/div>\n\t\t\r\n<div id=\"contact-informations\" class=\"col-xs-12 col-md-12 col-lg-12\">\n\t\t\t\t\t<div class=\"col-xs-1 col-md-1 col-lg-1\">\n\t\t\t\t\t\t<i class=\"fa fa-fax\"><\/i>\n\t\t\t\t\t<\/div>\n\t\t\t\t\t<div class=\"col-xs-10 col-md-10 col-lg-10\">\n\t\t\t\t\t\t<p style=\"font-family: Raleway, sans-serif;font-weight: 300;font-size: 15px;margin-bottom: 25px;color: #808080;text-align: left;letter-spacing: 1px;line-height: 1.8;\">Fax : 0044 (0)203 044 2911<\/p>\n\t\t\t\t\t<\/div>\n\t\t\t\t<\/div>\n\t\t\r\n<div id=\"contact-informations\" class=\"col-xs-12 col-md-12 col-lg-12\">\n\t\t\t\t\t<div class=\"col-xs-1 col-md-1 col-lg-1\">\n\t\t\t\t\t\t<i class=\"fa fa-envelope\"><\/i>\n\t\t\t\t\t<\/div>\n\t\t\t\t\t<div class=\"col-xs-10 col-md-10 col-lg-10\">\n\t\t\t\t\t\t<p style=\"font-family: Raleway, sans-serif;font-weight: 300;font-size: 15px;margin-bottom: 25px;color: #808080;text-align: left;letter-spacing: 1px;line-height: 1.8;\">Email Adresse : info@edcomsystems.co.uk<\/p>\n\t\t\t\t\t<\/div>\n\t\t\t\t<\/div>\n\t\t\r\n<div id=\"contact-informations\" class=\"col-xs-12 col-md-12 col-lg-12\">\n\t\t\t\t\t<div class=\"col-xs-1 col-md-1 col-lg-1\">\n\t\t\t\t\t\t<i class=\"fa fa-home\"><\/i>\n\t\t\t\t\t<\/div>\n\t\t\t\t\t<div class=\"col-xs-10 col-md-10 col-lg-10\">\n\t\t\t\t\t\t<p style=\"font-family: Raleway, sans-serif;font-weight: 300;font-size: 15px;margin-bottom: 25px;color: #808080;text-align: left;letter-spacing: 1px;line-height: 1.8;\">Adresse : One Oakcroft Road Hook Rise South Chessington, Surrey, KT9 1BD<\/p>\n\t\t\t\t\t<\/div>\n\t\t\t\t<\/div>\n\t\t\r\n\r\n<div class=\"clearfix\"><\/div><br\/>\r\n\r\n<img decoding=\"async\" src=\"https:\/\/www.edcomsystems.co.uk\/wp-content\/uploads\/2016\/11\/Capture.png\" class=\"img-responsive\" alt=\"Image\"\/>\r\n\r\n<\/div>\r\n\r\n<div class=\"col-md-6\">\r\n<h2><span style=\"color: #3498db;\">Nous<\/span> Contacter<\/h2>\r\n<div style=\"font-size:18px;line-height:;\" class=\"content\">\r\n\r\nS\u2019il vous plait veuillez remplir le formulaire qui suit.\r\n\r\n<\/div>\r\n\r\n<div class=\"clearfix\"><\/div><br\/><br\/>\r\n\r\n\n<div class=\"wpcf7 no-js\" id=\"wpcf7-f734-o1\" lang=\"en-US\" dir=\"ltr\" data-wpcf7-id=\"734\">\n<div class=\"screen-reader-response\"><p role=\"status\" aria-live=\"polite\" aria-atomic=\"true\"><\/p> <ul><\/ul><\/div>\n<form action=\"\/fr\/wp-json\/wp\/v2\/pages\/101#wpcf7-f734-o1\" method=\"post\" class=\"wpcf7-form init\" aria-label=\"Contact form\" novalidate=\"novalidate\" data-status=\"init\">\n<fieldset class=\"hidden-fields-container\"><input type=\"hidden\" name=\"_wpcf7\" value=\"734\" \/><input type=\"hidden\" name=\"_wpcf7_version\" value=\"6.1.5\" \/><input type=\"hidden\" name=\"_wpcf7_locale\" value=\"en_US\" \/><input type=\"hidden\" name=\"_wpcf7_unit_tag\" value=\"wpcf7-f734-o1\" \/><input type=\"hidden\" name=\"_wpcf7_container_post\" value=\"0\" \/><input type=\"hidden\" name=\"_wpcf7_posted_data_hash\" value=\"\" \/>\n<\/fieldset>\n<div id=\"contact-form\">\n\t<div class=\"col-md-12\">\n\t\t<p><span class=\"wpcf7-form-control-wrap\" data-name=\"your-name\"><input size=\"40\" maxlength=\"400\" class=\"wpcf7-form-control wpcf7-text wpcf7-validates-as-required form-control\" id=\"name\" aria-required=\"true\" aria-invalid=\"false\" placeholder=\"Name\" value=\"\" type=\"text\" name=\"your-name\" \/><\/span>\n\t\t<\/p>\n\t<\/div>\n\t<div class=\"col-md-12\">\n\t\t<p><span class=\"wpcf7-form-control-wrap\" data-name=\"your-subject\"><input size=\"40\" maxlength=\"400\" class=\"wpcf7-form-control wpcf7-text wpcf7-validates-as-required form-control\" id=\"subject\" aria-required=\"true\" aria-invalid=\"false\" placeholder=\"Subject\" value=\"\" type=\"text\" name=\"your-subject\" \/><\/span>\n\t\t<\/p>\n\t<\/div>\n\t<div class=\"col-md-12\">\n\t\t<p><span class=\"wpcf7-form-control-wrap\" data-name=\"your-email\"><input size=\"40\" maxlength=\"400\" class=\"wpcf7-form-control wpcf7-email wpcf7-validates-as-required wpcf7-text wpcf7-validates-as-email form-control\" id=\"email\" aria-required=\"true\" aria-invalid=\"false\" placeholder=\"Email\" value=\"\" type=\"email\" name=\"your-email\" \/><\/span>\n\t\t<\/p>\n\t<\/div>\n\t<div class=\"col-md-12\">\n\t\t<p><span class=\"wpcf7-form-control-wrap\" data-name=\"your-message\"><textarea cols=\"40\" rows=\"5\" maxlength=\"2000\" class=\"wpcf7-form-control wpcf7-textarea wpcf7-validates-as-required form-control\" id=\"message\" aria-required=\"true\" aria-invalid=\"false\" placeholder=\"Describe in detail\" name=\"your-message\"><\/textarea><\/span>\n\t\t<\/p>\n\t<\/div>\n\t<div class=\"col-md-12\">\n\t\t<p><input class=\"wpcf7-form-control wpcf7-submit has-spinner\" id=\"submit\" type=\"submit\" value=\"Send\" \/>\n\t\t<\/p>\n\t<\/div>\n<\/div><div class=\"wpcf7-response-output\" aria-hidden=\"true\"><\/div>\n<\/form>\n<\/div>\n\r\n\r\n<\/div>\r\n\r\n\n\t\t\t\t\t\t\t<\/div>\n\t\t\t\t\t\t<\/div>\n\t\t\t\t\t<\/section>","protected":false},"excerpt":{"rendered":"","protected":false},"author":2,"featured_media":0,"parent":0,"menu_order":0,"comment_status":"closed","ping_status":"closed","template":"","meta":{"footnotes":""},"class_list":["post-101","page","type-page","status-publish","hentry"],"acf":[],"yoast_head":"<!-- This site is optimized with the Yoast SEO plugin v27.4 - https:\/\/yoast.com\/product\/yoast-seo-wordpress\/ -->\n<title>Nous contacter - Edcom Systems<\/title>\n<meta name=\"robots\" content=\"index, follow, max-snippet:-1, max-image-preview:large, max-video-preview:-1\" \/>\n<link rel=\"canonical\" href=\"https:\/\/www.edcomsystems.co.uk\/fr\/contact-us\/\" \/>\n<meta property=\"og:locale\" content=\"fr_FR\" \/>\n<meta property=\"og:type\" content=\"article\" \/>\n<meta property=\"og:title\" content=\"Nous contacter - Edcom Systems\" \/>\n<meta property=\"og:url\" content=\"https:\/\/www.edcomsystems.co.uk\/fr\/contact-us\/\" \/>\n<meta property=\"og:site_name\" content=\"Edcom Systems\" \/>\n<meta property=\"article:modified_time\" content=\"2016-11-16T16:36:11+00:00\" \/>\n<meta name=\"twitter:card\" content=\"summary_large_image\" \/>\n<meta name=\"twitter:label1\" content=\"Dur\u00e9e de lecture estim\u00e9e\" \/>\n\t<meta name=\"twitter:data1\" content=\"1 minute\" \/>\n<script type=\"application\/ld+json\" class=\"yoast-schema-graph\">{\"@context\":\"https:\\\/\\\/schema.org\",\"@graph\":[{\"@type\":\"WebPage\",\"@id\":\"https:\\\/\\\/www.edcomsystems.co.uk\\\/fr\\\/contact-us\\\/\",\"url\":\"https:\\\/\\\/www.edcomsystems.co.uk\\\/fr\\\/contact-us\\\/\",\"name\":\"Nous contacter - Edcom Systems\",\"isPartOf\":{\"@id\":\"https:\\\/\\\/www.edcomsystems.co.uk\\\/fr\\\/#website\"},\"datePublished\":\"2016-11-10T21:51:48+00:00\",\"dateModified\":\"2016-11-16T16:36:11+00:00\",\"breadcrumb\":{\"@id\":\"https:\\\/\\\/www.edcomsystems.co.uk\\\/fr\\\/contact-us\\\/#breadcrumb\"},\"inLanguage\":\"fr-FR\",\"potentialAction\":[{\"@type\":\"ReadAction\",\"target\":[\"https:\\\/\\\/www.edcomsystems.co.uk\\\/fr\\\/contact-us\\\/\"]}]},{\"@type\":\"BreadcrumbList\",\"@id\":\"https:\\\/\\\/www.edcomsystems.co.uk\\\/fr\\\/contact-us\\\/#breadcrumb\",\"itemListElement\":[{\"@type\":\"ListItem\",\"position\":1,\"name\":\"Home\",\"item\":\"https:\\\/\\\/www.edcomsystems.co.uk\\\/fr\\\/\"},{\"@type\":\"ListItem\",\"position\":2,\"name\":\"Nous contacter\"}]},{\"@type\":\"WebSite\",\"@id\":\"https:\\\/\\\/www.edcomsystems.co.uk\\\/fr\\\/#website\",\"url\":\"https:\\\/\\\/www.edcomsystems.co.uk\\\/fr\\\/\",\"name\":\"Edcomsystems\",\"description\":\"WHOLESALER OF MOBILE PHONES\",\"publisher\":{\"@id\":\"https:\\\/\\\/www.edcomsystems.co.uk\\\/fr\\\/#organization\"},\"potentialAction\":[{\"@type\":\"SearchAction\",\"target\":{\"@type\":\"EntryPoint\",\"urlTemplate\":\"https:\\\/\\\/www.edcomsystems.co.uk\\\/fr\\\/?s={search_term_string}\"},\"query-input\":{\"@type\":\"PropertyValueSpecification\",\"valueRequired\":true,\"valueName\":\"search_term_string\"}}],\"inLanguage\":\"fr-FR\"},{\"@type\":\"Organization\",\"@id\":\"https:\\\/\\\/www.edcomsystems.co.uk\\\/fr\\\/#organization\",\"name\":\"Edcom Systems\",\"url\":\"https:\\\/\\\/www.edcomsystems.co.uk\\\/fr\\\/\",\"logo\":{\"@type\":\"ImageObject\",\"inLanguage\":\"fr-FR\",\"@id\":\"https:\\\/\\\/www.edcomsystems.co.uk\\\/fr\\\/#\\\/schema\\\/logo\\\/image\\\/\",\"url\":\"https:\\\/\\\/www.edcomsystems.co.uk\\\/wp-content\\\/uploads\\\/2017\\\/03\\\/EDCOM-3-1.png\",\"contentUrl\":\"https:\\\/\\\/www.edcomsystems.co.uk\\\/wp-content\\\/uploads\\\/2017\\\/03\\\/EDCOM-3-1.png\",\"width\":1517,\"height\":600,\"caption\":\"Edcom Systems\"},\"image\":{\"@id\":\"https:\\\/\\\/www.edcomsystems.co.uk\\\/fr\\\/#\\\/schema\\\/logo\\\/image\\\/\"}}]}<\/script>\n<!-- \/ Yoast SEO plugin. -->","yoast_head_json":{"title":"Nous contacter - Edcom Systems","robots":{"index":"index","follow":"follow","max-snippet":"max-snippet:-1","max-image-preview":"max-image-preview:large","max-video-preview":"max-video-preview:-1"},"canonical":"https:\/\/www.edcomsystems.co.uk\/fr\/contact-us\/","og_locale":"fr_FR","og_type":"article","og_title":"Nous contacter - Edcom Systems","og_url":"https:\/\/www.edcomsystems.co.uk\/fr\/contact-us\/","og_site_name":"Edcom Systems","article_modified_time":"2016-11-16T16:36:11+00:00","twitter_card":"summary_large_image","twitter_misc":{"Dur\u00e9e de lecture estim\u00e9e":"1 minute"},"schema":{"@context":"https:\/\/schema.org","@graph":[{"@type":"WebPage","@id":"https:\/\/www.edcomsystems.co.uk\/fr\/contact-us\/","url":"https:\/\/www.edcomsystems.co.uk\/fr\/contact-us\/","name":"Nous contacter - Edcom Systems","isPartOf":{"@id":"https:\/\/www.edcomsystems.co.uk\/fr\/#website"},"datePublished":"2016-11-10T21:51:48+00:00","dateModified":"2016-11-16T16:36:11+00:00","breadcrumb":{"@id":"https:\/\/www.edcomsystems.co.uk\/fr\/contact-us\/#breadcrumb"},"inLanguage":"fr-FR","potentialAction":[{"@type":"ReadAction","target":["https:\/\/www.edcomsystems.co.uk\/fr\/contact-us\/"]}]},{"@type":"BreadcrumbList","@id":"https:\/\/www.edcomsystems.co.uk\/fr\/contact-us\/#breadcrumb","itemListElement":[{"@type":"ListItem","position":1,"name":"Home","item":"https:\/\/www.edcomsystems.co.uk\/fr\/"},{"@type":"ListItem","position":2,"name":"Nous contacter"}]},{"@type":"WebSite","@id":"https:\/\/www.edcomsystems.co.uk\/fr\/#website","url":"https:\/\/www.edcomsystems.co.uk\/fr\/","name":"Edcomsystems","description":"WHOLESALER OF MOBILE PHONES","publisher":{"@id":"https:\/\/www.edcomsystems.co.uk\/fr\/#organization"},"potentialAction":[{"@type":"SearchAction","target":{"@type":"EntryPoint","urlTemplate":"https:\/\/www.edcomsystems.co.uk\/fr\/?s={search_term_string}"},"query-input":{"@type":"PropertyValueSpecification","valueRequired":true,"valueName":"search_term_string"}}],"inLanguage":"fr-FR"},{"@type":"Organization","@id":"https:\/\/www.edcomsystems.co.uk\/fr\/#organization","name":"Edcom Systems","url":"https:\/\/www.edcomsystems.co.uk\/fr\/","logo":{"@type":"ImageObject","inLanguage":"fr-FR","@id":"https:\/\/www.edcomsystems.co.uk\/fr\/#\/schema\/logo\/image\/","url":"https:\/\/www.edcomsystems.co.uk\/wp-content\/uploads\/2017\/03\/EDCOM-3-1.png","contentUrl":"https:\/\/www.edcomsystems.co.uk\/wp-content\/uploads\/2017\/03\/EDCOM-3-1.png","width":1517,"height":600,"caption":"Edcom Systems"},"image":{"@id":"https:\/\/www.edcomsystems.co.uk\/fr\/#\/schema\/logo\/image\/"}}]}},"_links":{"self":[{"href":"https:\/\/www.edcomsystems.co.uk\/fr\/wp-json\/wp\/v2\/pages\/101","targetHints":{"allow":["GET"]}}],"collection":[{"href":"https:\/\/www.edcomsystems.co.uk\/fr\/wp-json\/wp\/v2\/pages"}],"about":[{"href":"https:\/\/www.edcomsystems.co.uk\/fr\/wp-json\/wp\/v2\/types\/page"}],"author":[{"embeddable":true,"href":"https:\/\/www.edcomsystems.co.uk\/fr\/wp-json\/wp\/v2\/users\/2"}],"replies":[{"embeddable":true,"href":"https:\/\/www.edcomsystems.co.uk\/fr\/wp-json\/wp\/v2\/comments?post=101"}],"version-history":[{"count":18,"href":"https:\/\/www.edcomsystems.co.uk\/fr\/wp-json\/wp\/v2\/pages\/101\/revisions"}],"predecessor-version":[{"id":1053,"href":"https:\/\/www.edcomsystems.co.uk\/fr\/wp-json\/wp\/v2\/pages\/101\/revisions\/1053"}],"wp:attachment":[{"href":"https:\/\/www.edcomsystems.co.uk\/fr\/wp-json\/wp\/v2\/media?parent=101"}],"curies":[{"name":"wp","href":"https:\/\/api.w.org\/{rel}","templated":true}]}}